{"id":24,"date":"2022-03-16T17:31:13","date_gmt":"2022-03-16T16:31:13","guid":{"rendered":"https:\/\/www.stmpannelli.it\/?page_id=24"},"modified":"2022-09-07T16:11:14","modified_gmt":"2022-09-07T14:11:14","slug":"credits","status":"publish","type":"page","link":"https:\/\/www.stmpannelli.it\/en\/credits\/","title":{"rendered":"Credits"},"content":{"rendered":"<h2>La migliore societ\u00e0 nella realizzazione di siti web.<\/h2>\n\n<p>La <strong>Spinosi Marketing Strategies<\/strong>, <a data-link-type=\"custom\" href=\"https:\/\/www.spinosimarketing.com\/it\/?utm_source=credits&amp;utm_medium=link&amp;utm_campaign=credits\" target=\"_self\" title=\"Scopri la Societ\u00e0 di Marketing\" rel=\"noopener\">societ\u00e0 di consulenza marketing<\/a> strategico con sede in Abruzzo e Roma, ha realizzato questo sito web. Seguendo le moderne impostazioni di <strong><a href=\"https:\/\/www.spinosimarketing.com\/it\/consulente-societa-consulenza-marketing\/strumenti-web-marketing-strategico.html?utm_source=credits&amp;utm_medium=link&amp;utm_campaign=credits\" target=\"_blank\" title=\"Scopri il Web Marketing\" rel=\"noopener\">web marketing<\/a><\/strong>, il sito web \u00e8 stato indicizzato attraverso le pi\u00f9 moderne tecniche di <strong>SEO marketing<\/strong>. La Spinosi Marketing Strategies offre le seguenti <a href=\"https:\/\/www.spinosimarketing.com\/it\/consulente-societa-consulenza-marketing\/strategie-di-vendita-tecniche.html?utm_source=credits&amp;utm_medium=link&amp;utm_campaign=credits\" target=\"_blank\" title=\"Scopri il  Marketing e le vendite\" rel=\"noopener\">strategie di marketing<\/a> alla propria clientela:<\/p>\n\n<ul>\n\t<li><strong>Strategie di vendita<\/strong>, che grazie al Marketing Strategico si allineano ai target ed agli obiettivi aziendali<\/li>\n\t<li><strong>Strategie web marketing<\/strong>, perch\u00e9 oggigiorno non si pu\u00f2 pi\u00f9 prescindere dall'avere una strategia che coordini il sito web agli altri strumenti online.<\/li>\n\t<li><strong>Strategie di marca <\/strong>o<strong> strategie di brand<\/strong>, poich\u00e9 non basta soltanto fare la creazione del logo ma bisogna avere politiche di branding coerenti, e cos\u00ec indirizzare le scelte dei consumatori ed essere competitivi sui mercati internazionali<\/li>\n\t<li><strong>Strategie di internazionalizzazione<\/strong>, perch\u00e9 in un mercato estremamente competitivo e globalizzato, non \u00e8 possibile prescindere da una internazionalizzazione strategica<\/li>\n<\/ul>\n\n<p>Ed accanto alla strategia, Spinosi Marketing Strategies mette a disposizione delle aziende una serie di servizi di marketing operativo:<\/p>\n\n<ul>\n\t<li><strong><a href=\"https:\/\/www.spinosimarketing.com\/it\/servizi-marketing-azienda\/realizzazione-siti-web-abruzzo-e-commerce.html?utm_source=credits&amp;utm_medium=link&amp;utm_campaign=credits\" target=\"_blank\" rel=\"noopener\">Realizzazione siti web e-commerce<\/a><\/strong>, poich\u00e9 nel mondo moderno \u00e8 fondamentale per un'azienda avere un sito web adeguato agli standard tecnologici pi\u00f9 moderni. E per chi vuole cimentarsi nel commercio virtuale, progettiamo siti e-commerce in grado di sfruttare le pi\u00f9 moderne tecnologie sul mercato. Alcuni esempi di siti web realizzati: Teknovis3, azienda leader nei sistemi di <a href=\"https:\/\/www.teknovis3.com\/?utm_source=credits&amp;utm_medium=link&amp;utm_campaign=credits\" target=\"_blank\" rel=\"noopener\"> coibentazione industriale<\/a>; SIM Immobiliare <a href=\"https:\/\/www.simimmobiliare.it\/?utm_source=credits&amp;utm_medium=link&amp;utm_campaign=credits\" target=\"_blank\" rel=\"noopener\">agenzia immobiliare di Novara<\/a> leader nella vendita e nell\u2019acquisto di immobili e Imeva, uno dei principali produttori di <a href=\"https:\/\/www.imeva.it\/?utm_source=credits&amp;utm_medium=link&amp;utm_campaign=credits\" target=\"_blank\" rel=\"noopener\">barriere stradali<\/a>.<\/li>\n\t<li><strong>Esperti SEO<\/strong>, <strong> Esperti Adwords<\/strong>, perch\u00e9 oltre ad avere un sito web bello e funzionale, \u00e8 importante farsi trovare dagli utenti. Essere trovati nei principali Motori di Ricerca per query pertinenti rispetto al proprio business \u00e8 fondamentale per non perdere occasioni di business. E per incrementare ulteriormente la propria visibilit\u00e0, \u00e8 sempre bene investire in Adwords, per garantirsi visibilit\u00e0 anche nel Posizionamento Sponsorizzato di Google.<\/li>\n\t<li><strong>Realizzazione Brochure o Costruzione Cataloghi<\/strong>, prodotti che da sempre ricoprono un ruolo fondamentale nella comunicazione di ogni azienda. Brochure e Cataloghi sono ancora una necessit\u00e0 irrinunciabile per molte aziende, in quanto vanno a costituire un fondamentale mezzo di comunicazione e di immagine per le imprese<\/li>\n\t<li><strong>Creazione logo<\/strong> e definizione delle Politiche di Branding, perch\u00e9 il brand \u00e8 il vero valore dell'azienda. Un servizio legato strettamente a quelle che sono le strategie di marca o strategie di brand aziendali mirate alla costruzione di un posizionamento sostenibile e duraturo<\/li>\n\t<li><strong>Videoconferenza <\/strong>con il partner Aethra, per abbattere notevolmente i costi e lo stress che comportano lunghi meeting fuori sede. Una riunione con i commerciali in Italia, in Europa o nel Mondo? No problem. Grazie al servizio di Videoconferenza \u00e8 oggi possibile restare ognuno nel proprio ufficio, con la possibilit\u00e0 di parlare come se si fosse nella stessa stanza, e di condividere i propri documenti commentandoli in tempo reale<\/li>\n\t<li><strong>Newsletter, DEM<\/strong>, poich\u00e9 \u00e8 fondamentale arrivare con messaggi diretti ai propri clienti, da un lato, e dall'altro poter effettuare campagne di marketing online periodiche per informare il pubblico delle proprie offerte<\/li>\n\t<li><strong>Social Media Marketing<\/strong>, dato che al giorno d'oggi questi mezzi di comunicazione rappresentano una vetrina fondamentale per poter essere trovati da parte del pubblico<\/li>\n\t<li><strong>Packaging<\/strong>, Etichette, per rendere speciali gli imballaggi e l'etichettatura dei propri prodotti<\/li>\n\t<li><strong>ABM Marketing<\/strong> o <strong><a data-link-type=\"custom\" href=\"https:\/\/www.spinosimarketing.com\/it\/servizi-marketing-azienda\/servizio-di-abm-marketing.html?utm_source=credits&amp;utm_medium=link&amp;utm_campaign=crediti\" target=\"_blank\" title=\"Servizio ABM Marketing\" rel=\"noopener\">Account Based Marketing<\/a><\/strong>, \u00e8 un approccio strategico che coniuga il marketing con&nbsp;le vendite. Spinosi Marketing, attraverso l'ABM Marketing, consente alle aziende che hanno acquistato il software CRM di costruire una&nbsp;modalit\u00e0 operativa su misura e di trovarne l'efficacia nel gestire il proprio portafoglio leads e clienti.<\/li>\n\t<li>Il servizio di <strong><a data-link-type=\"custom\" href=\"https:\/\/www.spinosimarketing.com\/it\/servizi-marketing-azienda\/servizio-di-social-listening.html?utm_source=credits&amp;utm_medium=link&amp;utm_campaign=credits\" target=\"_blank\" title=\"\" rel=\"noopener\">Social media Listening<\/a><\/strong>&nbsp;permette di scoprire ci\u00f2 che viene detto su Internet, in particolare nei social media e nelle comunit\u00e0 online, a proposito di un brand, prodotto o servizio. Spinosi Marketing offre&nbsp;al cliente l'opportunit\u00e0 di conoscere cosa viene diffuso sulla rete relativo alla sua brand reputation e ai&nbsp;suoi competitors, al fine di trovare una strategia orientata a far crescere l\u2019engagement sul brand cliente.<\/li>\n<\/ul>\n\n<p>Spinosi Marketing \u00e8 la prima societ\u00e0 di <strong>Sales &amp; Marketing Innovation<\/strong> che coniuga le moderne attivit\u00e0 di marketing digitale con un approccio concreto alle vendite.<\/p>","protected":false},"excerpt":{"rendered":"<p>La migliore societ\u00e0 nella realizzazione di siti web. La Spinosi Marketing Strategies, societ\u00e0 di consulenza marketing strategico con sede in Abruzzo e Roma, ha realizzato questo sito web. Seguendo le moderne impostazioni di web marketing, il sito web \u00e8 stato indicizzato attraverso le pi\u00f9 moderne tecniche di SEO marketing. La Spinosi Marketing Strategies offre le [&hellip;]<\/p>","protected":false},"author":1,"featured_media":0,"parent":0,"menu_order":910,"comment_status":"closed","ping_status":"closed","template":"","meta":{"_seopress_robots_primary_cat":"","footnotes":""},"acf":[],"_links":{"self":[{"href":"https:\/\/www.stmpannelli.it\/en\/wp-json\/wp\/v2\/pages\/24"}],"collection":[{"href":"https:\/\/www.stmpannelli.it\/en\/wp-json\/wp\/v2\/pages"}],"about":[{"href":"https:\/\/www.stmpannelli.it\/en\/wp-json\/wp\/v2\/types\/page"}],"author":[{"embeddable":true,"href":"https:\/\/www.stmpannelli.it\/en\/wp-json\/wp\/v2\/users\/1"}],"replies":[{"embeddable":true,"href":"https:\/\/www.stmpannelli.it\/en\/wp-json\/wp\/v2\/comments?post=24"}],"version-history":[{"count":3,"href":"https:\/\/www.stmpannelli.it\/en\/wp-json\/wp\/v2\/pages\/24\/revisions"}],"predecessor-version":[{"id":209,"href":"https:\/\/www.stmpannelli.it\/en\/wp-json\/wp\/v2\/pages\/24\/revisions\/209"}],"wp:attachment":[{"href":"https:\/\/www.stmpannelli.it\/en\/wp-json\/wp\/v2\/media?parent=24"}],"curies":[{"name":"wp","href":"https:\/\/api.w.org\/{rel}","templated":true}]}}