{"id":29,"date":"2022-03-16T17:33:07","date_gmt":"2022-03-16T16:33:07","guid":{"rendered":"https:\/\/www.stmpannelli.it\/?page_id=29"},"modified":"2022-10-05T14:22:31","modified_gmt":"2022-10-05T12:22:31","slug":"privacy","status":"publish","type":"page","link":"https:\/\/www.stmpannelli.it\/en\/privacy\/","title":{"rendered":"Privacy"},"content":{"rendered":"<p> STM Semilavorati Toscani per Mobili s.r.l. (di seguito anche \u201cSTM\u201d o la \u201cSociet\u00e0\u201d) \u00e8 impegnata nella protezione dei dati personali che le vengono affidati. Pertanto, la gestione e la sicurezza di tali dati sono garantite con la massima attenzione, conformemente a quanto richiesto dalla normativa privacy, nel completo rispetto dei principi di liceit\u00e0, correttezza e trasparenza. <\/p>\n\n<p>Conformemente alle disposizioni di legge vigenti in materia di privacy (in particolare il Regolamento UE 679\/2016, relativo alla protezione delle persone fisiche con riguardo al trattamento dei dati personali, nonch\u00e9 alla libera circolazione di tali dati), la presente informativa illustra chi \u00e8 il Titolare del trattamento dei dati, per quali scopi STM potr\u00e0 utilizzare i dati conferiti, come li gestir\u00e0, a chi potrebbero essere comunicati, dove potrebbero essere trasferiti e quali sono i diritti dell\u2019interessato.<\/p>\n\n<p><strong>CHI TRATTER\u00c0 I DATI CONFERITI<\/strong><\/p>\n\n<p>I dati conferiti saranno trattati, in qualit\u00e0 di Titolare del trattamento, da STM, con sede in Via Toscana, 43 - 56030 Perignano di Lari (PI)\u2013 ITALY .<\/p>\n\n<p><strong>DATI PERSONALI TRATTATI E FINALITA\u2019 DEL TRATTAMENTO<\/strong><\/p>\n\n<p>I dati personali raccolti sia cartaceamente sia informaticamente oggetto del trattamento sono relativi a:<\/p>\n\n<ul><li>dati identificativi, amministrativi, contabili, fiscali e commerciali di interessati (quali componenti degli organi sociali, dipendenti, personale di terzi con cui il Cliente \u00e8 in rapporto di affari);<\/li><li>dati di carte di credito;<\/li><li>User\/password di accesso a programmi (es. adwords, facebook, linkedin).<\/li><\/ul>\n\n<p>Tali dati, di cui il Cliente \u00e8 legittimamente in possesso, sono da lui conferiti in esecuzione e nello svolgimento dei rapporti pre contrattuali\/contrattuali con il Titolare.<\/p>\n\n<p>I dati potranno essere trattati per le seguenti finalit\u00e0:<\/p>\n\n<p>A. invio preventivi a Societ\u00e0\/persone fisiche gi\u00e0 Clienti\/potenziali Clienti;<br>B. esecuzione dei servizi richiesti dai Clienti;<br>C. monitoraggio degli incassi;<br>D. adempimento di obblighi di legge (es. obblighi contabili, fiscali);<br>E. esercizio del diritto di difesa in giudizio del Titolare;<br>F. invio a Clienti - fornitori\/potenziali Clienti - fornitori di aziende Clienti di STM di comunicazioni - informazioni commerciali (es. newsletter, invito ad eventi, modalit\u00e0 attraverso cui ottenere un gadget o una promozione), nel caso di dati acquisiti direttamente dalla Societ\u00e0 (es. tramite landing page);<br>G. invio a Clienti \/potenziali Clienti di STM di comunicazioni - informazioni commerciali (es. newsletter, invito ad eventi, altre informazioni commerciali).<\/p>\n\n<p><br><strong>NATURA DEL CONFERIMENTO<\/strong><\/p>\n\n<p>La Societ\u00e0 effettuer\u00e0 il trattamento dei dati di cui ai precedenti punti:<\/p>\n\n<p><ul><li>A., B. e C. perch\u00e9 \u00e8 necessario per (i) l'esecuzione delle attivit\u00e0 precontrattuali per lo sviluppo di una proposta contrattuale e (i) l'esecuzione dei servizi richiesti dal Cliente;<\/li><li>D. in quanto \u00e8 necessario per adempiere ad un obbligo previsto dalla legge a cui \u00e8 soggetta la Societ\u00e0;<\/li><li>E. in quanto \u00e8 necessario per il perseguimento del legittimo interesse della Societ\u00e0 di tutelare i propri diritti in caso di controversie giudiziarie;<\/li><li>F. e G. sulla base del consenso del Cliente; al Cliente \u00e8 sempre riconosciuta la possibilit\u00e0 di revocare il proprio consenso, attraverso le modalit\u00e0 previste nei successivi paragrafi.<\/li><\/ul><\/p>\n\n<p>Il conferimento dei dati per le finalit\u00e0:<\/p>\n\n<p><ul><li>A., B., C. ed E. \u00e8 necessario per lo svolgimento delle attivit\u00e0 contrattuali e\/o precontrattuali da parte della Societ\u00e0;<\/li><li>D \u00e8 obbligatorio e l\u2019eventuale rifiuto da parte dell\u2019interessato comporta l\u2019impossibilit\u00e0 per la Societ\u00e0 di perseguire le finalit\u00e0 descritte nel precedente paragrafo;<\/li><li>F. e G. \u00e8 facoltativo, tuttavia, il mancato conferimento di tali dati, comporter\u00e0 l\u2019impossibilit\u00e0 per La Societ\u00e0 di perseguire le finalit\u00e0 indicate.<br><\/li><\/ul><\/p>\n\n<p>L\u2019entit\u00e0 e l\u2019adeguatezza dei dati conferiti sar\u00e0 valutata di volta in volta per determinare le conseguenti decisioni ed evitare il trattamento di dati eccedenti rispetto alle finalit\u00e0 perseguite.<\/p>\n\n<p>La Societ\u00e0 si impegna a non utilizzare i dati personali conferiti per finalit\u00e0 diverse ed ulteriori rispetto a quelle descritte nella presente informativa, se non informando preventivamente l\u2019interessato e, ove necessario, ottenendo il suo consenso.<\/p>\n\n<p><strong>MODALITA\u2019 DI TRATTAMENTO<\/strong><\/p>\n\n<p>Il trattamento dei dati \u00e8 eseguito attraverso procedure informatiche o, comunque, mezzi telematici o supporti cartacei, con logiche strettamente correlate alle finalit\u00e0 stesse e, comunque, in modo da garantire la sicurezza degli stessi e sempre nel rispetto della normativa vigente in materia, in particolare del Regolamento UE 679\/2016.<\/p>\n\n<p>I dati verranno, inoltre:<\/p>\n\n<p><ul><li>trattati da risorse della Societ\u00e0, adeguatamente istruite ed impegnate alla riservatezza, che operano in qualit\u00e0 di personale autorizzato al trattamento dei dati;<\/li><li>conservati con strumenti idonei a garantirne la sicurezza, l\u2019integrit\u00e0 e la riservatezza, mediante l\u2019adozione di misure di sicurezza adeguate come previsto dalla normativa.<br><\/li><\/ul><\/p>\n\n<p><strong>PERIODO DI CONSERVAZIONE<\/strong><\/p>\n\n<p>Con riferimento al trattamento per le finalit\u00e0:<\/p>\n\n<p><ul><li>A., B., C., D. ed E., La Societ\u00e0 tratter\u00e0 i dati personali per il tempo necessario per adempiere a tali finalit\u00e0 e, comunque, per un periodo non superiore a 10 anni dalla cessazione dell\u2019ultimo rapporto contrattuale con il Cliente. I dati potranno essere conservati anche oltre tale termine in relazione all\u2019eventuale necessit\u00e0 di loro utilizzo in sede giudiziaria nel caso di controversie, ovvero in ogni altro caso in cui prevalga il legittimo interesse della Societ\u00e0 sugli interessi o i diritti e le libert\u00e0 fondamentali dell'interessato;<\/li><li>F. e G., i dati saranno conservati finch\u00e9 l\u2019interessato non revochi il consenso tramite le modalit\u00e0 messe a tal fine a disposizione dalla Societ\u00e0.<\/li><\/ul><\/p>\n\n<p><strong>COMUNICAZIONE E DIFFUSIONE<\/strong><\/p>\n\n<p>I dati raccolti non saranno oggetto di divulgazione e di diffusione al di fuori della Societ\u00e0.<\/p>\n\n<p>I dati possono essere comunicati, in virt\u00f9 dell\u2019evoluzione del rapporto con il Cliente a:<\/p>\n\n<p><ul><li>soggetti pubblici, per adempiere ad obblighi di legge o per esercitare i diritti della Societ\u00e0 (ad esempio il diritto di difesa in giudizio);<\/li><li>soggetti ed enti privati stabiliti all\u2019interno dello stato italiano incaricati, attraverso accordi contrattuali, per l'espletamento di servizi (di supporto tecnico, informatico ed amministrativo\/contabile) strettamente connessi alla finalit\u00e0 per cui sono conferiti i dati dall\u2019interessato.<br><\/li><\/ul><\/p>\n\n<p>La Societ\u00e0 informa che, qualora in funzione dell\u2019evoluzione della propria organizzazione ovvero di accordi con nuovi fornitori, si rendesse necessario il trasferimento dei dati al di fuori dell\u2019Unione Europea, tale trasferimento avverr\u00e0 in conformit\u00e0 alle disposizioni di legge applicabili (art. 45 comma 1 del GDPR, Trasferimento sulla base di una decisione di adeguatezza, o art. 46, Trasferimento soggetto a garanzie adeguate).<\/p>\n\n<p><strong>DIRITTI DELL\u2019INTERESSATO E MODALITA\u2019 DI ESERCIZIO DEGLI STESSI<\/strong><\/p>\n\n<p>Si ricorda che il Regolamento UE 679\/2016 (in particolare, il capo III dello stesso) riconosce all\u2019interessato alcuni diritti, per l'esercizio dei quali lo stesso potr\u00e0 rivolgersi alla Societ\u00e0, scrivendo a STM Semilavorati Toscani per Mobili s.r.l., Via Toscana, 43 - 56030 Perignano di Lari (PI)\u2013 ITALY o procedendo via email all\u2019indirizzo info@stm.it <\/p>\n\n<p>In particolare tali diritti sono riportati nel GDPR agli articoli:<\/p>\n\n<p><ul><li>13, Informazioni da fornire qualora i dati personali siano raccolti presso l\u2019interessato. In particolare si evidenzia quanto indicato al comma 2. punto d) relativo al diritto di proporre reclamo al Garante della protezione dei dati personali;<\/li><li>15, Diritto di accesso dell'interessato;<\/li><li>16, Diritto di rettifica;<\/li><li>17, Diritto alla cancellazione (\u00abdiritto all'oblio\u00bb);<\/li><li>18, Diritto di limitazione di trattamento;<\/li><li>19, Obbligo di notifica in caso di rettifica o cancellazione dei dati personali o limitazione del Trattamento;<\/li><li>20, Diritto alla portabilit\u00e0 dei dati;<\/li><li>21, Diritto di opposizione;<\/li><li>22, Processo decisionale automatizzato relativo alle persone fisiche, compresa la profilazione.<br><\/li><\/ul><\/p>\n\n<p>Il Titolare si adopera a prendere in carico la richiesta dell\u2019interessato con il massimo impegno per garantire l\u2019effettivo esercizio dei suoi diritti.<\/p>\n\n<p><strong>COME CONTATTARE IL TITOLARE<\/strong><\/p>\n\n<p>Eventuali e ulteriori informazioni in ordine al trattamento ed alla presente informativa potranno essere richieste scrivendo a STM Semilavorati Toscani per Mobili s.r.l., Via Toscana, 43 - 56030 Perignano di Lari (PI)\u2013 ITALY o via email all\u2019indirizzo info@stm.it<\/p>\n\n<p><strong>MODIFICHE E AGGIORNAMENTI<\/strong><\/p>\n\n<p>La presente informativa pu\u00f2 essere soggetta a modifiche ed integrazioni, anche quale conseguenza dell\u2019aggiornamento della normativa applicabile relativa alla protezione delle persone fisiche con riguardo al trattamento dei dati personali nonch\u00e9 alla libera circolazione di tali dati. Il testo dell\u2019informativa pi\u00f9 aggiornata \u00e8 visionabile sul sito www.stm.it\/privacy<\/p>","protected":false},"excerpt":{"rendered":"<p>STM Semilavorati Toscani per Mobili s.r.l. (di seguito anche \u201cSTM\u201d o la \u201cSociet\u00e0\u201d) \u00e8 impegnata nella protezione dei dati personali che le vengono affidati. Pertanto, la gestione e la sicurezza di tali dati sono garantite con la massima attenzione, conformemente a quanto richiesto dalla normativa privacy, nel completo rispetto dei principi di liceit\u00e0, correttezza e [&hellip;]<\/p>","protected":false},"author":1,"featured_media":0,"parent":0,"menu_order":940,"comment_status":"closed","ping_status":"closed","template":"","meta":{"_seopress_robots_primary_cat":"","footnotes":""},"acf":[],"_links":{"self":[{"href":"https:\/\/www.stmpannelli.it\/en\/wp-json\/wp\/v2\/pages\/29"}],"collection":[{"href":"https:\/\/www.stmpannelli.it\/en\/wp-json\/wp\/v2\/pages"}],"about":[{"href":"https:\/\/www.stmpannelli.it\/en\/wp-json\/wp\/v2\/types\/page"}],"author":[{"embeddable":true,"href":"https:\/\/www.stmpannelli.it\/en\/wp-json\/wp\/v2\/users\/1"}],"replies":[{"embeddable":true,"href":"https:\/\/www.stmpannelli.it\/en\/wp-json\/wp\/v2\/comments?post=29"}],"version-history":[{"count":3,"href":"https:\/\/www.stmpannelli.it\/en\/wp-json\/wp\/v2\/pages\/29\/revisions"}],"predecessor-version":[{"id":306,"href":"https:\/\/www.stmpannelli.it\/en\/wp-json\/wp\/v2\/pages\/29\/revisions\/306"}],"wp:attachment":[{"href":"https:\/\/www.stmpannelli.it\/en\/wp-json\/wp\/v2\/media?parent=29"}],"curies":[{"name":"wp","href":"https:\/\/api.w.org\/{rel}","templated":true}]}}